{"id":973,"date":"2020-06-08T09:20:45","date_gmt":"2020-06-08T13:20:45","guid":{"rendered":"http:\/\/15.157.196.9\/education\/"},"modified":"2025-10-11T10:17:13","modified_gmt":"2025-10-11T14:17:13","slug":"education","status":"publish","type":"page","link":"https:\/\/www.mumaq.com\/en\/education\/","title":{"rendered":"Education"},"content":{"rendered":"<h1>Education<\/h1>\n<p>At MUMAQ, we learn, discover, and experiment!<\/p>\n<p>Our varied educational programming offers a hands-on experience for all ages. Through fun activities, discover and share our local artisanal and craft traditions.<\/p>\n","protected":false},"excerpt":{"rendered":"<p>Education At MUMAQ, we learn, discover, and experiment! Our varied educational programming offers a hands-on experience for all ages. Through fun activities, discover and share our local artisanal and craft traditions.<\/p>\n","protected":false},"author":1,"featured_media":974,"parent":0,"menu_order":0,"comment_status":"closed","ping_status":"closed","template":"templates\/page-education.php","meta":{"_acf_changed":false,"footnotes":""},"class_list":["post-973","page","type-page","status-publish","has-post-thumbnail","hentry"],"acf":[],"yoast_head":"<!-- This site is optimized with the Yoast SEO plugin v23.5 - https:\/\/yoast.com\/wordpress\/plugins\/seo\/ -->\n<title>Education - MUMAQ<\/title>\n<meta name=\"robots\" content=\"index, follow, max-snippet:-1, max-image-preview:large, max-video-preview:-1\" \/>\n<link rel=\"canonical\" href=\"https:\/\/www.mumaq.com\/en\/education\/\" \/>\n<meta property=\"og:locale\" content=\"en_US\" \/>\n<meta property=\"og:type\" content=\"article\" \/>\n<meta property=\"og:title\" content=\"Education - MUMAQ\" \/>\n<meta property=\"og:description\" content=\"Education At MUMAQ, we learn, discover, and experiment! Our varied educational programming offers a hands-on experience for all ages. Through fun activities, discover and share our local artisanal and craft traditions.\" \/>\n<meta property=\"og:url\" content=\"https:\/\/www.mumaq.com\/en\/education\/\" \/>\n<meta property=\"og:site_name\" content=\"MUMAQ\" \/>\n<meta property=\"article:publisher\" content=\"https:\/\/www.facebook.com\/MuseeMetiersdartQuebec\" \/>\n<meta property=\"article:modified_time\" content=\"2025-10-11T14:17:13+00:00\" \/>\n<meta property=\"og:image\" content=\"https:\/\/www.mumaq.com\/wp-content\/uploads\/2020\/06\/Vector-27.png\" \/>\n\t<meta property=\"og:image:width\" content=\"524\" \/>\n\t<meta property=\"og:image:height\" content=\"525\" \/>\n\t<meta property=\"og:image:type\" content=\"image\/png\" \/>\n<meta name=\"twitter:card\" content=\"summary_large_image\" \/>\n<meta name=\"twitter:label1\" content=\"Est. reading time\" \/>\n\t<meta name=\"twitter:data1\" content=\"1 minute\" \/>\n<script type=\"application\/ld+json\" class=\"yoast-schema-graph\">{\"@context\":\"https:\/\/schema.org\",\"@graph\":[{\"@type\":\"WebPage\",\"@id\":\"https:\/\/www.mumaq.com\/en\/education\/\",\"url\":\"https:\/\/www.mumaq.com\/en\/education\/\",\"name\":\"Education - MUMAQ\",\"isPartOf\":{\"@id\":\"https:\/\/www.mumaq.com:443\/#website\"},\"primaryImageOfPage\":{\"@id\":\"https:\/\/www.mumaq.com\/en\/education\/#primaryimage\"},\"image\":{\"@id\":\"https:\/\/www.mumaq.com\/en\/education\/#primaryimage\"},\"thumbnailUrl\":\"https:\/\/www.mumaq.com\/wp-content\/uploads\/2020\/06\/Vector-27.png\",\"datePublished\":\"2020-06-08T13:20:45+00:00\",\"dateModified\":\"2025-10-11T14:17:13+00:00\",\"breadcrumb\":{\"@id\":\"https:\/\/www.mumaq.com\/en\/education\/#breadcrumb\"},\"inLanguage\":\"en-US\",\"potentialAction\":[{\"@type\":\"ReadAction\",\"target\":[\"https:\/\/www.mumaq.com\/en\/education\/\"]}]},{\"@type\":\"ImageObject\",\"inLanguage\":\"en-US\",\"@id\":\"https:\/\/www.mumaq.com\/en\/education\/#primaryimage\",\"url\":\"https:\/\/www.mumaq.com\/wp-content\/uploads\/2020\/06\/Vector-27.png\",\"contentUrl\":\"https:\/\/www.mumaq.com\/wp-content\/uploads\/2020\/06\/Vector-27.png\",\"width\":524,\"height\":525},{\"@type\":\"BreadcrumbList\",\"@id\":\"https:\/\/www.mumaq.com\/en\/education\/#breadcrumb\",\"itemListElement\":[{\"@type\":\"ListItem\",\"position\":1,\"name\":\"Accueil\",\"item\":\"https:\/\/www.mumaq.com\/en\/\"},{\"@type\":\"ListItem\",\"position\":2,\"name\":\"Education\"}]},{\"@type\":\"WebSite\",\"@id\":\"https:\/\/www.mumaq.com:443\/#website\",\"url\":\"https:\/\/www.mumaq.com:443\/\",\"name\":\"MUMAQ\",\"description\":\"Mus\u00e9e des m\u00e9tiers d&#039;art du Qu\u00e9bec\",\"publisher\":{\"@id\":\"https:\/\/www.mumaq.com:443\/#organization\"},\"potentialAction\":[{\"@type\":\"SearchAction\",\"target\":{\"@type\":\"EntryPoint\",\"urlTemplate\":\"https:\/\/www.mumaq.com:443\/?s={search_term_string}\"},\"query-input\":{\"@type\":\"PropertyValueSpecification\",\"valueRequired\":true,\"valueName\":\"search_term_string\"}}],\"inLanguage\":\"en-US\"},{\"@type\":\"Organization\",\"@id\":\"https:\/\/www.mumaq.com:443\/#organization\",\"name\":\"MUMAQ\",\"url\":\"https:\/\/www.mumaq.com:443\/\",\"logo\":{\"@type\":\"ImageObject\",\"inLanguage\":\"en-US\",\"@id\":\"https:\/\/www.mumaq.com:443\/#\/schema\/logo\/image\/\",\"url\":\"https:\/\/www.mumaq.com\/wp-content\/uploads\/2020\/12\/Pastille-transparente-1.png\",\"contentUrl\":\"https:\/\/www.mumaq.com\/wp-content\/uploads\/2020\/12\/Pastille-transparente-1.png\",\"width\":600,\"height\":600,\"caption\":\"MUMAQ\"},\"image\":{\"@id\":\"https:\/\/www.mumaq.com:443\/#\/schema\/logo\/image\/\"},\"sameAs\":[\"https:\/\/www.facebook.com\/MuseeMetiersdartQuebec\",\"https:\/\/www.instagram.com\/museedesmetiersdartduquebec\/?hl=fr-ca\",\"https:\/\/www.linkedin.com\/company\/musee-des-maitres-et-artisans-du-quebec\/\",\"https:\/\/www.youtube.com\/user\/MuseeMAQ\"]}]}<\/script>\n<!-- \/ Yoast SEO plugin. -->","yoast_head_json":{"title":"Education - MUMAQ","robots":{"index":"index","follow":"follow","max-snippet":"max-snippet:-1","max-image-preview":"max-image-preview:large","max-video-preview":"max-video-preview:-1"},"canonical":"https:\/\/www.mumaq.com\/en\/education\/","og_locale":"en_US","og_type":"article","og_title":"Education - MUMAQ","og_description":"Education At MUMAQ, we learn, discover, and experiment! Our varied educational programming offers a hands-on experience for all ages. Through fun activities, discover and share our local artisanal and craft traditions.","og_url":"https:\/\/www.mumaq.com\/en\/education\/","og_site_name":"MUMAQ","article_publisher":"https:\/\/www.facebook.com\/MuseeMetiersdartQuebec","article_modified_time":"2025-10-11T14:17:13+00:00","og_image":[{"width":524,"height":525,"url":"https:\/\/www.mumaq.com\/wp-content\/uploads\/2020\/06\/Vector-27.png","type":"image\/png"}],"twitter_card":"summary_large_image","twitter_misc":{"Est. reading time":"1 minute"},"schema":{"@context":"https:\/\/schema.org","@graph":[{"@type":"WebPage","@id":"https:\/\/www.mumaq.com\/en\/education\/","url":"https:\/\/www.mumaq.com\/en\/education\/","name":"Education - MUMAQ","isPartOf":{"@id":"https:\/\/www.mumaq.com:443\/#website"},"primaryImageOfPage":{"@id":"https:\/\/www.mumaq.com\/en\/education\/#primaryimage"},"image":{"@id":"https:\/\/www.mumaq.com\/en\/education\/#primaryimage"},"thumbnailUrl":"https:\/\/www.mumaq.com\/wp-content\/uploads\/2020\/06\/Vector-27.png","datePublished":"2020-06-08T13:20:45+00:00","dateModified":"2025-10-11T14:17:13+00:00","breadcrumb":{"@id":"https:\/\/www.mumaq.com\/en\/education\/#breadcrumb"},"inLanguage":"en-US","potentialAction":[{"@type":"ReadAction","target":["https:\/\/www.mumaq.com\/en\/education\/"]}]},{"@type":"ImageObject","inLanguage":"en-US","@id":"https:\/\/www.mumaq.com\/en\/education\/#primaryimage","url":"https:\/\/www.mumaq.com\/wp-content\/uploads\/2020\/06\/Vector-27.png","contentUrl":"https:\/\/www.mumaq.com\/wp-content\/uploads\/2020\/06\/Vector-27.png","width":524,"height":525},{"@type":"BreadcrumbList","@id":"https:\/\/www.mumaq.com\/en\/education\/#breadcrumb","itemListElement":[{"@type":"ListItem","position":1,"name":"Accueil","item":"https:\/\/www.mumaq.com\/en\/"},{"@type":"ListItem","position":2,"name":"Education"}]},{"@type":"WebSite","@id":"https:\/\/www.mumaq.com:443\/#website","url":"https:\/\/www.mumaq.com:443\/","name":"MUMAQ","description":"Mus\u00e9e des m\u00e9tiers d&#039;art du Qu\u00e9bec","publisher":{"@id":"https:\/\/www.mumaq.com:443\/#organization"},"potentialAction":[{"@type":"SearchAction","target":{"@type":"EntryPoint","urlTemplate":"https:\/\/www.mumaq.com:443\/?s={search_term_string}"},"query-input":{"@type":"PropertyValueSpecification","valueRequired":true,"valueName":"search_term_string"}}],"inLanguage":"en-US"},{"@type":"Organization","@id":"https:\/\/www.mumaq.com:443\/#organization","name":"MUMAQ","url":"https:\/\/www.mumaq.com:443\/","logo":{"@type":"ImageObject","inLanguage":"en-US","@id":"https:\/\/www.mumaq.com:443\/#\/schema\/logo\/image\/","url":"https:\/\/www.mumaq.com\/wp-content\/uploads\/2020\/12\/Pastille-transparente-1.png","contentUrl":"https:\/\/www.mumaq.com\/wp-content\/uploads\/2020\/12\/Pastille-transparente-1.png","width":600,"height":600,"caption":"MUMAQ"},"image":{"@id":"https:\/\/www.mumaq.com:443\/#\/schema\/logo\/image\/"},"sameAs":["https:\/\/www.facebook.com\/MuseeMetiersdartQuebec","https:\/\/www.instagram.com\/museedesmetiersdartduquebec\/?hl=fr-ca","https:\/\/www.linkedin.com\/company\/musee-des-maitres-et-artisans-du-quebec\/","https:\/\/www.youtube.com\/user\/MuseeMAQ"]}]}},"_links":{"self":[{"href":"https:\/\/www.mumaq.com\/en\/wp-json\/wp\/v2\/pages\/973"}],"collection":[{"href":"https:\/\/www.mumaq.com\/en\/wp-json\/wp\/v2\/pages"}],"about":[{"href":"https:\/\/www.mumaq.com\/en\/wp-json\/wp\/v2\/types\/page"}],"author":[{"embeddable":true,"href":"https:\/\/www.mumaq.com\/en\/wp-json\/wp\/v2\/users\/1"}],"replies":[{"embeddable":true,"href":"https:\/\/www.mumaq.com\/en\/wp-json\/wp\/v2\/comments?post=973"}],"version-history":[{"count":10,"href":"https:\/\/www.mumaq.com\/en\/wp-json\/wp\/v2\/pages\/973\/revisions"}],"predecessor-version":[{"id":8014,"href":"https:\/\/www.mumaq.com\/en\/wp-json\/wp\/v2\/pages\/973\/revisions\/8014"}],"wp:featuredmedia":[{"embeddable":true,"href":"https:\/\/www.mumaq.com\/en\/wp-json\/wp\/v2\/media\/974"}],"wp:attachment":[{"href":"https:\/\/www.mumaq.com\/en\/wp-json\/wp\/v2\/media?parent=973"}],"curies":[{"name":"wp","href":"https:\/\/api.w.org\/{rel}","templated":true}]}}