{"id":6412,"date":"2024-05-28T15:05:49","date_gmt":"2024-05-28T19:05:49","guid":{"rendered":"http:\/\/15.157.196.9\/?page_id=6412"},"modified":"2024-08-03T09:57:50","modified_gmt":"2024-08-03T13:57:50","slug":"les-metiers-dart-sous-toutes-leurs-coutures-ang","status":"publish","type":"page","link":"https:\/\/www.mumaq.com\/en\/les-metiers-dart-sous-toutes-leurs-coutures-ang\/","title":{"rendered":"Les m\u00e9tiers d\u2019art sous toutes leurs coutures"},"content":{"rendered":"<p><strong>A look at the MUMAQ collections<\/strong><\/p>\n<p><strong>Only around 3% of the objects conserved by the MUMAQ are on public display in our permanent exhibition!<\/strong> They have been carefully selected for their relevance to the exhibition. A museum's mission is as much one of dissemination as of preservation, and the rest of the collection is meticulously inventoried and stored in the museum's reserve, ready to be used for various research projects, inter-institutional loans or other exhibition and dissemination projects. 3D digitization makes it possible to open up the storerooms and give a wider public access to the conserved collections.<\/p>\n<p>The MUMAQ has acquired <strong>a high-performance 3D digitizer<\/strong> that captures the particularities and details of each artifact. Our collections, made up of hand-crafted objects, benefit from digital processing adapted to each shape and material. This process now allows you virtually wander through a host of objects, whether to expand your knowledge, fuel your research, or satisfy your curiosity.<\/p>\n<p>This project was made possible by the <strong>Government of Canada<\/strong>, through the Museums Assistance Program. We thank them.<\/p>\n<p>&nbsp;<\/p>\n<p><img loading=\"lazy\" decoding=\"async\" class=\"alignnone size-full wp-image-6885\" src=\"https:\/\/www.mumaq.com\/wp-content\/uploads\/2024\/08\/mot-reconnaissance-text-wordmark-eng-removebg-preview.png\" alt=\"\" width=\"280\" height=\"75\" \/><\/p>\n","protected":false},"excerpt":{"rendered":"<p>A look at the MUMAQ collections Only around 3% of the objects conserved by the MUMAQ are on public display in our permanent exhibition! They have been carefully selected for their relevance to the exhibition. A museum's mission is as much one of dissemination as of preservation, and the rest of the collection is meticulously &hellip; <a href=\"https:\/\/www.mumaq.com\/en\/les-metiers-dart-sous-toutes-leurs-coutures-ang\/\">Continued<\/a><\/p>\n","protected":false},"author":8,"featured_media":6379,"parent":0,"menu_order":0,"comment_status":"closed","ping_status":"closed","template":"templates\/page-object3d.php","meta":{"_acf_changed":false,"footnotes":""},"class_list":["post-6412","page","type-page","status-publish","has-post-thumbnail","hentry"],"acf":[],"yoast_head":"<!-- This site is optimized with the Yoast SEO plugin v23.5 - https:\/\/yoast.com\/wordpress\/plugins\/seo\/ -->\n<title>Les m\u00e9tiers d\u2019art sous toutes leurs coutures - MUMAQ<\/title>\n<meta name=\"robots\" content=\"index, follow, max-snippet:-1, max-image-preview:large, max-video-preview:-1\" \/>\n<link rel=\"canonical\" href=\"https:\/\/www.mumaq.com\/en\/les-metiers-dart-sous-toutes-leurs-coutures-ang\/\" \/>\n<meta property=\"og:locale\" content=\"en_US\" \/>\n<meta property=\"og:type\" content=\"article\" \/>\n<meta property=\"og:title\" content=\"Les m\u00e9tiers d\u2019art sous toutes leurs coutures - MUMAQ\" \/>\n<meta property=\"og:description\" content=\"A look at the MUMAQ collections Only around 3% of the objects conserved by the MUMAQ are on public display in our permanent exhibition! They have been carefully selected for their relevance to the exhibition. A museum&#039;s mission is as much one of dissemination as of preservation, and the rest of the collection is meticulously &hellip; Continued\" \/>\n<meta property=\"og:url\" content=\"https:\/\/www.mumaq.com\/en\/les-metiers-dart-sous-toutes-leurs-coutures-ang\/\" \/>\n<meta property=\"og:site_name\" content=\"MUMAQ\" \/>\n<meta property=\"article:publisher\" content=\"https:\/\/www.facebook.com\/MuseeMetiersdartQuebec\" \/>\n<meta property=\"article:modified_time\" content=\"2024-08-03T13:57:50+00:00\" \/>\n<meta property=\"og:image\" content=\"https:\/\/www.mumaq.ca\/wp-content\/uploads\/2024\/05\/N3odR8EV89J0-7GZq-23B8cSq0s471UdnrBAOi8BUQg.png\" \/>\n\t<meta property=\"og:image:width\" content=\"500\" \/>\n\t<meta property=\"og:image:height\" content=\"500\" \/>\n\t<meta property=\"og:image:type\" content=\"image\/png\" \/>\n<meta name=\"twitter:card\" content=\"summary_large_image\" \/>\n<meta name=\"twitter:label1\" content=\"Est. reading time\" \/>\n\t<meta name=\"twitter:data1\" content=\"2 minutes\" \/>\n<script type=\"application\/ld+json\" class=\"yoast-schema-graph\">{\"@context\":\"https:\/\/schema.org\",\"@graph\":[{\"@type\":\"WebPage\",\"@id\":\"https:\/\/www.mumaq.com\/en\/les-metiers-dart-sous-toutes-leurs-coutures-ang\/\",\"url\":\"https:\/\/www.mumaq.com\/en\/les-metiers-dart-sous-toutes-leurs-coutures-ang\/\",\"name\":\"Les m\u00e9tiers d\u2019art sous toutes leurs coutures - MUMAQ\",\"isPartOf\":{\"@id\":\"https:\/\/www.mumaq.com\/en\/#website\"},\"primaryImageOfPage\":{\"@id\":\"https:\/\/www.mumaq.com\/en\/les-metiers-dart-sous-toutes-leurs-coutures-ang\/#primaryimage\"},\"image\":{\"@id\":\"https:\/\/www.mumaq.com\/en\/les-metiers-dart-sous-toutes-leurs-coutures-ang\/#primaryimage\"},\"thumbnailUrl\":\"https:\/\/www.mumaq.com\/wp-content\/uploads\/2024\/05\/N3odR8EV89J0-7GZq-23B8cSq0s471UdnrBAOi8BUQg.png\",\"datePublished\":\"2024-05-28T19:05:49+00:00\",\"dateModified\":\"2024-08-03T13:57:50+00:00\",\"breadcrumb\":{\"@id\":\"https:\/\/www.mumaq.com\/en\/les-metiers-dart-sous-toutes-leurs-coutures-ang\/#breadcrumb\"},\"inLanguage\":\"en-US\",\"potentialAction\":[{\"@type\":\"ReadAction\",\"target\":[\"https:\/\/www.mumaq.com\/en\/les-metiers-dart-sous-toutes-leurs-coutures-ang\/\"]}]},{\"@type\":\"ImageObject\",\"inLanguage\":\"en-US\",\"@id\":\"https:\/\/www.mumaq.com\/en\/les-metiers-dart-sous-toutes-leurs-coutures-ang\/#primaryimage\",\"url\":\"https:\/\/www.mumaq.com\/wp-content\/uploads\/2024\/05\/N3odR8EV89J0-7GZq-23B8cSq0s471UdnrBAOi8BUQg.png\",\"contentUrl\":\"https:\/\/www.mumaq.com\/wp-content\/uploads\/2024\/05\/N3odR8EV89J0-7GZq-23B8cSq0s471UdnrBAOi8BUQg.png\",\"width\":500,\"height\":500},{\"@type\":\"BreadcrumbList\",\"@id\":\"https:\/\/www.mumaq.com\/en\/les-metiers-dart-sous-toutes-leurs-coutures-ang\/#breadcrumb\",\"itemListElement\":[{\"@type\":\"ListItem\",\"position\":1,\"name\":\"Accueil\",\"item\":\"https:\/\/www.mumaq.ca\/en\/\"},{\"@type\":\"ListItem\",\"position\":2,\"name\":\"Les m\u00e9tiers d\u2019art sous toutes leurs coutures\"}]},{\"@type\":\"WebSite\",\"@id\":\"https:\/\/www.mumaq.com\/en\/#website\",\"url\":\"https:\/\/www.mumaq.com\/en\/\",\"name\":\"MUMAQ\",\"description\":\"Mus\u00e9e des m\u00e9tiers d&#039;art du Qu\u00e9bec\",\"publisher\":{\"@id\":\"https:\/\/www.mumaq.com\/en\/#organization\"},\"potentialAction\":[{\"@type\":\"SearchAction\",\"target\":{\"@type\":\"EntryPoint\",\"urlTemplate\":\"https:\/\/www.mumaq.com\/en\/?s={search_term_string}\"},\"query-input\":{\"@type\":\"PropertyValueSpecification\",\"valueRequired\":true,\"valueName\":\"search_term_string\"}}],\"inLanguage\":\"en-US\"},{\"@type\":\"Organization\",\"@id\":\"https:\/\/www.mumaq.com\/en\/#organization\",\"name\":\"MUMAQ\",\"url\":\"https:\/\/www.mumaq.com\/en\/\",\"logo\":{\"@type\":\"ImageObject\",\"inLanguage\":\"en-US\",\"@id\":\"https:\/\/www.mumaq.com\/en\/#\/schema\/logo\/image\/\",\"url\":\"https:\/\/www.mumaq.com\/wp-content\/uploads\/2020\/12\/Pastille-transparente-1.png\",\"contentUrl\":\"https:\/\/www.mumaq.com\/wp-content\/uploads\/2020\/12\/Pastille-transparente-1.png\",\"width\":600,\"height\":600,\"caption\":\"MUMAQ\"},\"image\":{\"@id\":\"https:\/\/www.mumaq.com\/en\/#\/schema\/logo\/image\/\"},\"sameAs\":[\"https:\/\/www.facebook.com\/MuseeMetiersdartQuebec\",\"https:\/\/www.instagram.com\/museedesmetiersdartduquebec\/?hl=fr-ca\",\"https:\/\/www.linkedin.com\/company\/musee-des-maitres-et-artisans-du-quebec\/\",\"https:\/\/www.youtube.com\/user\/MuseeMAQ\"]}]}<\/script>\n<!-- \/ Yoast SEO plugin. -->","yoast_head_json":{"title":"Les m\u00e9tiers d\u2019art sous toutes leurs coutures - MUMAQ","robots":{"index":"index","follow":"follow","max-snippet":"max-snippet:-1","max-image-preview":"max-image-preview:large","max-video-preview":"max-video-preview:-1"},"canonical":"https:\/\/www.mumaq.com\/en\/les-metiers-dart-sous-toutes-leurs-coutures-ang\/","og_locale":"en_US","og_type":"article","og_title":"Les m\u00e9tiers d\u2019art sous toutes leurs coutures - MUMAQ","og_description":"A look at the MUMAQ collections Only around 3% of the objects conserved by the MUMAQ are on public display in our permanent exhibition! They have been carefully selected for their relevance to the exhibition. A museum's mission is as much one of dissemination as of preservation, and the rest of the collection is meticulously &hellip; Continued","og_url":"https:\/\/www.mumaq.com\/en\/les-metiers-dart-sous-toutes-leurs-coutures-ang\/","og_site_name":"MUMAQ","article_publisher":"https:\/\/www.facebook.com\/MuseeMetiersdartQuebec","article_modified_time":"2024-08-03T13:57:50+00:00","og_image":[{"width":500,"height":500,"url":"https:\/\/www.mumaq.ca\/wp-content\/uploads\/2024\/05\/N3odR8EV89J0-7GZq-23B8cSq0s471UdnrBAOi8BUQg.png","type":"image\/png"}],"twitter_card":"summary_large_image","twitter_misc":{"Est. reading time":"2 minutes"},"schema":{"@context":"https:\/\/schema.org","@graph":[{"@type":"WebPage","@id":"https:\/\/www.mumaq.com\/en\/les-metiers-dart-sous-toutes-leurs-coutures-ang\/","url":"https:\/\/www.mumaq.com\/en\/les-metiers-dart-sous-toutes-leurs-coutures-ang\/","name":"Les m\u00e9tiers d\u2019art sous toutes leurs coutures - MUMAQ","isPartOf":{"@id":"https:\/\/www.mumaq.com\/en\/#website"},"primaryImageOfPage":{"@id":"https:\/\/www.mumaq.com\/en\/les-metiers-dart-sous-toutes-leurs-coutures-ang\/#primaryimage"},"image":{"@id":"https:\/\/www.mumaq.com\/en\/les-metiers-dart-sous-toutes-leurs-coutures-ang\/#primaryimage"},"thumbnailUrl":"https:\/\/www.mumaq.com\/wp-content\/uploads\/2024\/05\/N3odR8EV89J0-7GZq-23B8cSq0s471UdnrBAOi8BUQg.png","datePublished":"2024-05-28T19:05:49+00:00","dateModified":"2024-08-03T13:57:50+00:00","breadcrumb":{"@id":"https:\/\/www.mumaq.com\/en\/les-metiers-dart-sous-toutes-leurs-coutures-ang\/#breadcrumb"},"inLanguage":"en-US","potentialAction":[{"@type":"ReadAction","target":["https:\/\/www.mumaq.com\/en\/les-metiers-dart-sous-toutes-leurs-coutures-ang\/"]}]},{"@type":"ImageObject","inLanguage":"en-US","@id":"https:\/\/www.mumaq.com\/en\/les-metiers-dart-sous-toutes-leurs-coutures-ang\/#primaryimage","url":"https:\/\/www.mumaq.com\/wp-content\/uploads\/2024\/05\/N3odR8EV89J0-7GZq-23B8cSq0s471UdnrBAOi8BUQg.png","contentUrl":"https:\/\/www.mumaq.com\/wp-content\/uploads\/2024\/05\/N3odR8EV89J0-7GZq-23B8cSq0s471UdnrBAOi8BUQg.png","width":500,"height":500},{"@type":"BreadcrumbList","@id":"https:\/\/www.mumaq.com\/en\/les-metiers-dart-sous-toutes-leurs-coutures-ang\/#breadcrumb","itemListElement":[{"@type":"ListItem","position":1,"name":"Accueil","item":"https:\/\/www.mumaq.ca\/en\/"},{"@type":"ListItem","position":2,"name":"Les m\u00e9tiers d\u2019art sous toutes leurs coutures"}]},{"@type":"WebSite","@id":"https:\/\/www.mumaq.com\/en\/#website","url":"https:\/\/www.mumaq.com\/en\/","name":"MUMAQ","description":"Mus\u00e9e des m\u00e9tiers d&#039;art du Qu\u00e9bec","publisher":{"@id":"https:\/\/www.mumaq.com\/en\/#organization"},"potentialAction":[{"@type":"SearchAction","target":{"@type":"EntryPoint","urlTemplate":"https:\/\/www.mumaq.com\/en\/?s={search_term_string}"},"query-input":{"@type":"PropertyValueSpecification","valueRequired":true,"valueName":"search_term_string"}}],"inLanguage":"en-US"},{"@type":"Organization","@id":"https:\/\/www.mumaq.com\/en\/#organization","name":"MUMAQ","url":"https:\/\/www.mumaq.com\/en\/","logo":{"@type":"ImageObject","inLanguage":"en-US","@id":"https:\/\/www.mumaq.com\/en\/#\/schema\/logo\/image\/","url":"https:\/\/www.mumaq.com\/wp-content\/uploads\/2020\/12\/Pastille-transparente-1.png","contentUrl":"https:\/\/www.mumaq.com\/wp-content\/uploads\/2020\/12\/Pastille-transparente-1.png","width":600,"height":600,"caption":"MUMAQ"},"image":{"@id":"https:\/\/www.mumaq.com\/en\/#\/schema\/logo\/image\/"},"sameAs":["https:\/\/www.facebook.com\/MuseeMetiersdartQuebec","https:\/\/www.instagram.com\/museedesmetiersdartduquebec\/?hl=fr-ca","https:\/\/www.linkedin.com\/company\/musee-des-maitres-et-artisans-du-quebec\/","https:\/\/www.youtube.com\/user\/MuseeMAQ"]}]}},"_links":{"self":[{"href":"https:\/\/www.mumaq.com\/en\/wp-json\/wp\/v2\/pages\/6412"}],"collection":[{"href":"https:\/\/www.mumaq.com\/en\/wp-json\/wp\/v2\/pages"}],"about":[{"href":"https:\/\/www.mumaq.com\/en\/wp-json\/wp\/v2\/types\/page"}],"author":[{"embeddable":true,"href":"https:\/\/www.mumaq.com\/en\/wp-json\/wp\/v2\/users\/8"}],"replies":[{"embeddable":true,"href":"https:\/\/www.mumaq.com\/en\/wp-json\/wp\/v2\/comments?post=6412"}],"version-history":[{"count":16,"href":"https:\/\/www.mumaq.com\/en\/wp-json\/wp\/v2\/pages\/6412\/revisions"}],"predecessor-version":[{"id":6887,"href":"https:\/\/www.mumaq.com\/en\/wp-json\/wp\/v2\/pages\/6412\/revisions\/6887"}],"wp:featuredmedia":[{"embeddable":true,"href":"https:\/\/www.mumaq.com\/en\/wp-json\/wp\/v2\/media\/6379"}],"wp:attachment":[{"href":"https:\/\/www.mumaq.com\/en\/wp-json\/wp\/v2\/media?parent=6412"}],"curies":[{"name":"wp","href":"https:\/\/api.w.org\/{rel}","templated":true}]}}