{"id":3023,"date":"2021-06-08T13:44:26","date_gmt":"2021-06-08T17:44:26","guid":{"rendered":"http:\/\/15.157.196.9\/?page_id=3023"},"modified":"2022-05-29T12:04:49","modified_gmt":"2022-05-29T16:04:49","slug":"news","status":"publish","type":"page","link":"https:\/\/www.mumaq.com\/en\/news\/","title":{"rendered":"News"},"content":{"rendered":"<h1>News<\/h1>\n<h2>Everything that happens in and around our museum.<\/h2>\n<p>Stay tuned for news from MUMAQ by regularly viewing our news section. Here, you'll find information on our new acquisitions, temporary exhibitions, boutique, cultural activities, and much more.<\/p>\n","protected":false},"excerpt":{"rendered":"<p>News Everything that happens in and around our museum. Stay tuned for news from MUMAQ by regularly viewing our news section. Here, you'll find information on our new acquisitions, temporary exhibitions, boutique, cultural activities, and much more.<\/p>\n","protected":false},"author":8,"featured_media":2972,"parent":0,"menu_order":0,"comment_status":"closed","ping_status":"closed","template":"templates\/page-actualites.php","meta":{"_acf_changed":false,"footnotes":""},"class_list":["post-3023","page","type-page","status-publish","has-post-thumbnail","hentry"],"acf":[],"yoast_head":"<!-- This site is optimized with the Yoast SEO plugin v23.5 - https:\/\/yoast.com\/wordpress\/plugins\/seo\/ -->\n<title>News - MUMAQ<\/title>\n<meta name=\"robots\" content=\"index, follow, max-snippet:-1, max-image-preview:large, max-video-preview:-1\" \/>\n<link rel=\"canonical\" href=\"https:\/\/www.mumaq.com\/en\/news\/\" \/>\n<meta property=\"og:locale\" content=\"en_US\" \/>\n<meta property=\"og:type\" content=\"article\" \/>\n<meta property=\"og:title\" content=\"News - MUMAQ\" \/>\n<meta property=\"og:description\" content=\"News Everything that happens in and around our museum. Stay tuned for news from MUMAQ by regularly viewing our news section. Here, you&#039;ll find information on our new acquisitions, temporary exhibitions, boutique, cultural activities, and much more.\" \/>\n<meta property=\"og:url\" content=\"https:\/\/www.mumaq.com\/en\/news\/\" \/>\n<meta property=\"og:site_name\" content=\"MUMAQ\" \/>\n<meta property=\"article:publisher\" content=\"https:\/\/www.facebook.com\/MuseeMetiersdartQuebec\" \/>\n<meta property=\"article:modified_time\" content=\"2022-05-29T16:04:49+00:00\" \/>\n<meta property=\"og:image\" content=\"http:\/\/15.157.196.9:80\/wp-content\/uploads\/2021\/06\/actu-header-3.png\" \/>\n\t<meta property=\"og:image:width\" content=\"1000\" \/>\n\t<meta property=\"og:image:height\" content=\"873\" \/>\n\t<meta property=\"og:image:type\" content=\"image\/png\" \/>\n<meta name=\"twitter:card\" content=\"summary_large_image\" \/>\n<meta name=\"twitter:label1\" content=\"Est. reading time\" \/>\n\t<meta name=\"twitter:data1\" content=\"1 minute\" \/>\n<script type=\"application\/ld+json\" class=\"yoast-schema-graph\">{\"@context\":\"https:\/\/schema.org\",\"@graph\":[{\"@type\":\"WebPage\",\"@id\":\"https:\/\/www.mumaq.com\/en\/news\/\",\"url\":\"https:\/\/www.mumaq.com\/en\/news\/\",\"name\":\"News - MUMAQ\",\"isPartOf\":{\"@id\":\"https:\/\/www.mumaq.com\/en\/#website\"},\"primaryImageOfPage\":{\"@id\":\"https:\/\/www.mumaq.com\/en\/news\/#primaryimage\"},\"image\":{\"@id\":\"https:\/\/www.mumaq.com\/en\/news\/#primaryimage\"},\"thumbnailUrl\":\"https:\/\/www.mumaq.com\/wp-content\/uploads\/2021\/06\/actu-header-3.png\",\"datePublished\":\"2021-06-08T17:44:26+00:00\",\"dateModified\":\"2022-05-29T16:04:49+00:00\",\"breadcrumb\":{\"@id\":\"https:\/\/www.mumaq.com\/en\/news\/#breadcrumb\"},\"inLanguage\":\"en-US\",\"potentialAction\":[{\"@type\":\"ReadAction\",\"target\":[\"https:\/\/www.mumaq.com\/en\/news\/\"]}]},{\"@type\":\"ImageObject\",\"inLanguage\":\"en-US\",\"@id\":\"https:\/\/www.mumaq.com\/en\/news\/#primaryimage\",\"url\":\"https:\/\/www.mumaq.com\/wp-content\/uploads\/2021\/06\/actu-header-3.png\",\"contentUrl\":\"https:\/\/www.mumaq.com\/wp-content\/uploads\/2021\/06\/actu-header-3.png\",\"width\":1000,\"height\":873},{\"@type\":\"BreadcrumbList\",\"@id\":\"https:\/\/www.mumaq.com\/en\/news\/#breadcrumb\",\"itemListElement\":[{\"@type\":\"ListItem\",\"position\":1,\"name\":\"Accueil\",\"item\":\"https:\/\/www.mumaq.com\/en\/\"},{\"@type\":\"ListItem\",\"position\":2,\"name\":\"News\"}]},{\"@type\":\"WebSite\",\"@id\":\"https:\/\/www.mumaq.com\/en\/#website\",\"url\":\"https:\/\/www.mumaq.com\/en\/\",\"name\":\"MUMAQ\",\"description\":\"Mus\u00e9e des m\u00e9tiers d&#039;art du Qu\u00e9bec\",\"publisher\":{\"@id\":\"https:\/\/www.mumaq.com\/en\/#organization\"},\"potentialAction\":[{\"@type\":\"SearchAction\",\"target\":{\"@type\":\"EntryPoint\",\"urlTemplate\":\"https:\/\/www.mumaq.com\/en\/?s={search_term_string}\"},\"query-input\":{\"@type\":\"PropertyValueSpecification\",\"valueRequired\":true,\"valueName\":\"search_term_string\"}}],\"inLanguage\":\"en-US\"},{\"@type\":\"Organization\",\"@id\":\"https:\/\/www.mumaq.com\/en\/#organization\",\"name\":\"MUMAQ\",\"url\":\"https:\/\/www.mumaq.com\/en\/\",\"logo\":{\"@type\":\"ImageObject\",\"inLanguage\":\"en-US\",\"@id\":\"https:\/\/www.mumaq.com\/en\/#\/schema\/logo\/image\/\",\"url\":\"https:\/\/www.mumaq.com\/wp-content\/uploads\/2020\/12\/Pastille-transparente-1.png\",\"contentUrl\":\"https:\/\/www.mumaq.com\/wp-content\/uploads\/2020\/12\/Pastille-transparente-1.png\",\"width\":600,\"height\":600,\"caption\":\"MUMAQ\"},\"image\":{\"@id\":\"https:\/\/www.mumaq.com\/en\/#\/schema\/logo\/image\/\"},\"sameAs\":[\"https:\/\/www.facebook.com\/MuseeMetiersdartQuebec\",\"https:\/\/www.instagram.com\/museedesmetiersdartduquebec\/?hl=fr-ca\",\"https:\/\/www.linkedin.com\/company\/musee-des-maitres-et-artisans-du-quebec\/\",\"https:\/\/www.youtube.com\/user\/MuseeMAQ\"]}]}<\/script>\n<!-- \/ Yoast SEO plugin. -->","yoast_head_json":{"title":"News - MUMAQ","robots":{"index":"index","follow":"follow","max-snippet":"max-snippet:-1","max-image-preview":"max-image-preview:large","max-video-preview":"max-video-preview:-1"},"canonical":"https:\/\/www.mumaq.com\/en\/news\/","og_locale":"en_US","og_type":"article","og_title":"News - MUMAQ","og_description":"News Everything that happens in and around our museum. Stay tuned for news from MUMAQ by regularly viewing our news section. Here, you'll find information on our new acquisitions, temporary exhibitions, boutique, cultural activities, and much more.","og_url":"https:\/\/www.mumaq.com\/en\/news\/","og_site_name":"MUMAQ","article_publisher":"https:\/\/www.facebook.com\/MuseeMetiersdartQuebec","article_modified_time":"2022-05-29T16:04:49+00:00","og_image":[{"width":1000,"height":873,"url":"http:\/\/15.157.196.9:80\/wp-content\/uploads\/2021\/06\/actu-header-3.png","type":"image\/png"}],"twitter_card":"summary_large_image","twitter_misc":{"Est. reading time":"1 minute"},"schema":{"@context":"https:\/\/schema.org","@graph":[{"@type":"WebPage","@id":"https:\/\/www.mumaq.com\/en\/news\/","url":"https:\/\/www.mumaq.com\/en\/news\/","name":"News - MUMAQ","isPartOf":{"@id":"https:\/\/www.mumaq.com\/en\/#website"},"primaryImageOfPage":{"@id":"https:\/\/www.mumaq.com\/en\/news\/#primaryimage"},"image":{"@id":"https:\/\/www.mumaq.com\/en\/news\/#primaryimage"},"thumbnailUrl":"https:\/\/www.mumaq.com\/wp-content\/uploads\/2021\/06\/actu-header-3.png","datePublished":"2021-06-08T17:44:26+00:00","dateModified":"2022-05-29T16:04:49+00:00","breadcrumb":{"@id":"https:\/\/www.mumaq.com\/en\/news\/#breadcrumb"},"inLanguage":"en-US","potentialAction":[{"@type":"ReadAction","target":["https:\/\/www.mumaq.com\/en\/news\/"]}]},{"@type":"ImageObject","inLanguage":"en-US","@id":"https:\/\/www.mumaq.com\/en\/news\/#primaryimage","url":"https:\/\/www.mumaq.com\/wp-content\/uploads\/2021\/06\/actu-header-3.png","contentUrl":"https:\/\/www.mumaq.com\/wp-content\/uploads\/2021\/06\/actu-header-3.png","width":1000,"height":873},{"@type":"BreadcrumbList","@id":"https:\/\/www.mumaq.com\/en\/news\/#breadcrumb","itemListElement":[{"@type":"ListItem","position":1,"name":"Accueil","item":"https:\/\/www.mumaq.com\/en\/"},{"@type":"ListItem","position":2,"name":"News"}]},{"@type":"WebSite","@id":"https:\/\/www.mumaq.com\/en\/#website","url":"https:\/\/www.mumaq.com\/en\/","name":"MUMAQ","description":"Mus\u00e9e des m\u00e9tiers d&#039;art du Qu\u00e9bec","publisher":{"@id":"https:\/\/www.mumaq.com\/en\/#organization"},"potentialAction":[{"@type":"SearchAction","target":{"@type":"EntryPoint","urlTemplate":"https:\/\/www.mumaq.com\/en\/?s={search_term_string}"},"query-input":{"@type":"PropertyValueSpecification","valueRequired":true,"valueName":"search_term_string"}}],"inLanguage":"en-US"},{"@type":"Organization","@id":"https:\/\/www.mumaq.com\/en\/#organization","name":"MUMAQ","url":"https:\/\/www.mumaq.com\/en\/","logo":{"@type":"ImageObject","inLanguage":"en-US","@id":"https:\/\/www.mumaq.com\/en\/#\/schema\/logo\/image\/","url":"https:\/\/www.mumaq.com\/wp-content\/uploads\/2020\/12\/Pastille-transparente-1.png","contentUrl":"https:\/\/www.mumaq.com\/wp-content\/uploads\/2020\/12\/Pastille-transparente-1.png","width":600,"height":600,"caption":"MUMAQ"},"image":{"@id":"https:\/\/www.mumaq.com\/en\/#\/schema\/logo\/image\/"},"sameAs":["https:\/\/www.facebook.com\/MuseeMetiersdartQuebec","https:\/\/www.instagram.com\/museedesmetiersdartduquebec\/?hl=fr-ca","https:\/\/www.linkedin.com\/company\/musee-des-maitres-et-artisans-du-quebec\/","https:\/\/www.youtube.com\/user\/MuseeMAQ"]}]}},"_links":{"self":[{"href":"https:\/\/www.mumaq.com\/en\/wp-json\/wp\/v2\/pages\/3023"}],"collection":[{"href":"https:\/\/www.mumaq.com\/en\/wp-json\/wp\/v2\/pages"}],"about":[{"href":"https:\/\/www.mumaq.com\/en\/wp-json\/wp\/v2\/types\/page"}],"author":[{"embeddable":true,"href":"https:\/\/www.mumaq.com\/en\/wp-json\/wp\/v2\/users\/8"}],"replies":[{"embeddable":true,"href":"https:\/\/www.mumaq.com\/en\/wp-json\/wp\/v2\/comments?post=3023"}],"version-history":[{"count":3,"href":"https:\/\/www.mumaq.com\/en\/wp-json\/wp\/v2\/pages\/3023\/revisions"}],"predecessor-version":[{"id":3725,"href":"https:\/\/www.mumaq.com\/en\/wp-json\/wp\/v2\/pages\/3023\/revisions\/3725"}],"wp:featuredmedia":[{"embeddable":true,"href":"https:\/\/www.mumaq.com\/en\/wp-json\/wp\/v2\/media\/2972"}],"wp:attachment":[{"href":"https:\/\/www.mumaq.com\/en\/wp-json\/wp\/v2\/media?parent=3023"}],"curies":[{"name":"wp","href":"https:\/\/api.w.org\/{rel}","templated":true}]}}